{"id":12208,"date":"2023-05-17T10:40:29","date_gmt":"2023-05-17T15:40:29","guid":{"rendered":"https:\/\/www.cistransfers.com\/?page_id=12208"},"modified":"2025-12-17T14:06:48","modified_gmt":"2025-12-17T19:06:48","slug":"privacy-policy","status":"publish","type":"page","link":"https:\/\/www.cistransfers.com\/es\/privacy-policy\/","title":{"rendered":"Pol\u00edtica de privacidad"},"content":{"rendered":"<div data-elementor-type=\"wp-page\" data-elementor-id=\"12208\" class=\"elementor elementor-12208\">\n\t\t\t\t\t\t<section class=\"elementor-section elementor-top-section elementor-element elementor-element-28b9564d elementor-section-content-middle elementor-section-boxed elementor-section-height-default elementor-section-height-default\" data-id=\"28b9564d\" data-element_type=\"section\" data-e-type=\"section\" data-settings=\"{&quot;background_background&quot;:&quot;gradient&quot;}\">\n\t\t\t\t\t\t\t<div class=\"elementor-background-overlay\"><\/div>\n\t\t\t\t\t\t\t<div class=\"elementor-container elementor-column-gap-custom\">\n\t\t\t\t\t<div class=\"elementor-column elementor-col-100 elementor-top-column elementor-element elementor-element-14afaba9\" data-id=\"14afaba9\" data-element_type=\"column\" data-e-type=\"column\">\n\t\t\t<div class=\"elementor-widget-wrap elementor-element-populated\">\n\t\t\t\t\t\t<div class=\"elementor-element elementor-element-45cc56a1 elementor-widget elementor-widget-spacer\" data-id=\"45cc56a1\" data-element_type=\"widget\" data-e-type=\"widget\" data-widget_type=\"spacer.default\">\n\t\t\t\t<div class=\"elementor-widget-container\">\n\t\t\t\t\t\t\t<div class=\"elementor-spacer\">\n\t\t\t<div class=\"elementor-spacer-inner\"><\/div>\n\t\t<\/div>\n\t\t\t\t\t\t<\/div>\n\t\t\t\t<\/div>\n\t\t\t\t<div class=\"elementor-element elementor-element-79c239d6 elementor-invisible elementor-widget elementor-widget-heading\" data-id=\"79c239d6\" data-element_type=\"widget\" data-e-type=\"widget\" data-settings=\"{&quot;_animation&quot;:&quot;fadeInLeft&quot;}\" data-widget_type=\"heading.default\">\n\t\t\t\t<div class=\"elementor-widget-container\">\n\t\t\t\t\t<h1 class=\"elementor-heading-title elementor-size-default\">Pol\u00edtica de privacidad<\/h1>\t\t\t\t<\/div>\n\t\t\t\t<\/div>\n\t\t\t\t\t<\/div>\n\t\t<\/div>\n\t\t\t\t\t<\/div>\n\t\t<\/section>\n\t\t\t\t<section class=\"elementor-section elementor-top-section elementor-element elementor-element-ed39f0b elementor-section-boxed elementor-section-height-default elementor-section-height-default\" data-id=\"ed39f0b\" data-element_type=\"section\" data-e-type=\"section\">\n\t\t\t\t\t\t\t<div class=\"elementor-background-overlay\"><\/div>\n\t\t\t\t\t\t\t<div class=\"elementor-container elementor-column-gap-default\">\n\t\t\t\t\t<div class=\"elementor-column elementor-col-100 elementor-top-column elementor-element elementor-element-bf51d4e\" data-id=\"bf51d4e\" data-element_type=\"column\" data-e-type=\"column\">\n\t\t\t<div class=\"elementor-widget-wrap elementor-element-populated\">\n\t\t\t\t\t\t<div class=\"elementor-element elementor-element-d5a0d87 elementor-widget elementor-widget-text-editor\" data-id=\"d5a0d87\" data-element_type=\"widget\" data-e-type=\"widget\" data-widget_type=\"text-editor.default\">\n\t\t\t\t<div class=\"elementor-widget-container\">\n\t\t\t\t\t\t\t\t\t<p>En CisTransfers, nos tomamos muy en serio la privacidad de nuestros usuarios. La presente Pol\u00edtica de privacidad describe c\u00f3mo recopilamos, utilizamos, divulgamos, transferimos y almacenamos su informaci\u00f3n personal cuando interact\u00faa con nuestro sitio web. Al utilizar nuestro sitio web, usted acepta los t\u00e9rminos y condiciones de la presente Pol\u00edtica de privacidad.<\/p><p><b>Recopilaci\u00f3n de informaci\u00f3n.<\/b><\/p><p>Recopilamos la informaci\u00f3n personal que usted nos proporciona voluntariamente, como su nombre, direcci\u00f3n de correo electr\u00f3nico, n\u00famero de tel\u00e9fono y otra informaci\u00f3n relevante para los servicios que ofrecemos. Tambi\u00e9n recopilamos informaci\u00f3n no personal, como datos demogr\u00e1ficos y patrones de uso del sitio web.<\/p><p><b>Uso de la informaci\u00f3n.<\/b><\/p><p>Utilizamos la informaci\u00f3n personal que recopilamos para proporcionarle los servicios que solicita, responder a sus consultas, mejorar nuestro sitio web y comunicarnos con usted sobre promociones, actualizaciones y noticias relacionadas con nuestros servicios. No compartiremos su informaci\u00f3n personal con terceros sin su consentimiento, salvo en los casos permitidos o exigidos por la ley.<\/p><p><b>Protecci\u00f3n de la informaci\u00f3n.<\/b><\/p><p>Implementamos medidas de seguridad t\u00e9cnicas y organizativas adecuadas para proteger su informaci\u00f3n personal contra el acceso no autorizado, el uso indebido, la divulgaci\u00f3n, la alteraci\u00f3n o la destrucci\u00f3n. Sin embargo, tenga en cuenta que ninguna transmisi\u00f3n de datos a trav\u00e9s de Internet o almacenamiento electr\u00f3nico puede garantizarse como 100 % segura.<\/p><p><b>Cookies y tecnolog\u00edas similares.<\/b><\/p><p>Utilizamos cookies y otras tecnolog\u00edas similares para recopilar informaci\u00f3n no personal y mejorar su experiencia en nuestro sitio web. Puede optar por no aceptar cookies cambiando la configuraci\u00f3n de su navegador, pero esto puede afectar al funcionamiento del sitio web.<\/p><p><b>Enlaces a sitios web de terceros.<\/b><\/p><p>Nuestro sitio web puede contener enlaces a sitios web de terceros. No nos hacemos responsables de las pr\u00e1cticas de privacidad ni del contenido de dichos sitios web. Le recomendamos que revise las pol\u00edticas de privacidad de los sitios web de terceros antes de proporcionarles su informaci\u00f3n personal.<\/p><p><b>Cambios en la Pol\u00edtica de Privacidad.<\/b><\/p><p>Podemos actualizar esta Pol\u00edtica de privacidad peri\u00f3dicamente. Cualquier cambio se publicar\u00e1 en esta p\u00e1gina, y el uso continuado de nuestro sitio web tras dichos cambios implica su aceptaci\u00f3n de los mismos.<\/p><p>Si tiene alguna pregunta o duda sobre nuestra Pol\u00edtica de privacidad, o si desea acceder, corregir o eliminar su informaci\u00f3n personal, puede ponerse en contacto con nosotros a trav\u00e9s de nuestro formulario de contacto.<\/p>\t\t\t\t\t\t\t\t<\/div>\n\t\t\t\t<\/div>\n\t\t\t\t\t<\/div>\n\t\t<\/div>\n\t\t\t\t\t<\/div>\n\t\t<\/section>\n\t\t\t\t<\/div>","protected":false},"excerpt":{"rendered":"<p>Privacy Policy At CisTransfers, we take our users&#8217; privacy very seriously. This Privacy Policy describes how we collect, use, disclose, transfer, and store your personal information when you interact with our website. By using our website, you agree to the terms and conditions of this Privacy Policy. Information gathering. We collect personal information that you [&hellip;]<\/p>\n","protected":false},"author":1,"featured_media":0,"parent":0,"menu_order":0,"comment_status":"closed","ping_status":"closed","template":"","meta":{"_uag_custom_page_level_css":"","site-sidebar-layout":"no-sidebar","site-content-layout":"page-builder","ast-site-content-layout":"default","site-content-style":"default","site-sidebar-style":"default","ast-global-header-display":"","ast-banner-title-visibility":"","ast-main-header-display":"","ast-hfb-above-header-display":"","ast-hfb-below-header-display":"","ast-hfb-mobile-header-display":"","site-post-title":"disabled","ast-breadcrumbs-content":"","ast-featured-img":"disabled","footer-sml-layout":"","ast-disable-related-posts":"","theme-transparent-header-meta":"","adv-header-id-meta":"","stick-header-meta":"","header-above-stick-meta":"","header-main-stick-meta":"","header-below-stick-meta":"","astra-migrate-meta-layouts":"default","ast-page-background-enabled":"default","ast-page-background-meta":{"desktop":{"background-color":"","background-image":"","background-repeat":"repeat","background-position":"center center","background-size":"auto","background-attachment":"scroll","background-type":"","background-media":"","overlay-type":"","overlay-color":"","overlay-opacity":"","overlay-gradient":""},"tablet":{"background-color":"","background-image":"","background-repeat":"repeat","background-position":"center center","background-size":"auto","background-attachment":"scroll","background-type":"","background-media":"","overlay-type":"","overlay-color":"","overlay-opacity":"","overlay-gradient":""},"mobile":{"background-color":"","background-image":"","background-repeat":"repeat","background-position":"center center","background-size":"auto","background-attachment":"scroll","background-type":"","background-media":"","overlay-type":"","overlay-color":"","overlay-opacity":"","overlay-gradient":""}},"ast-content-background-meta":{"desktop":{"background-color":"var(--ast-global-color-5)","background-image":"","background-repeat":"repeat","background-position":"center center","background-size":"auto","background-attachment":"scroll","background-type":"","background-media":"","overlay-type":"","overlay-color":"","overlay-opacity":"","overlay-gradient":""},"tablet":{"background-color":"var(--ast-global-color-5)","background-image":"","background-repeat":"repeat","background-position":"center center","background-size":"auto","background-attachment":"scroll","background-type":"","background-media":"","overlay-type":"","overlay-color":"","overlay-opacity":"","overlay-gradient":""},"mobile":{"background-color":"var(--ast-global-color-5)","background-image":"","background-repeat":"repeat","background-position":"center center","background-size":"auto","background-attachment":"scroll","background-type":"","background-media":"","overlay-type":"","overlay-color":"","overlay-opacity":"","overlay-gradient":""}},"_joinchat":[],"footnotes":""},"class_list":["post-12208","page","type-page","status-publish","hentry"],"uagb_featured_image_src":{"full":false,"thumbnail":false,"medium":false,"medium_large":false,"large":false,"1536x1536":false,"2048x2048":false,"trp-custom-language-flag":false,"chbs_vehicle":false,"chbs_vehicle_2":false},"uagb_author_info":{"display_name":"Cesar Gomez","author_link":"https:\/\/www.cistransfers.com\/es\/author\/cesar_gomezbahotmail-com\/"},"uagb_comment_info":0,"uagb_excerpt":"Privacy Policy At CisTransfers, we take our users&#8217; privacy very seriously. This Privacy Policy describes how we collect, use, disclose, transfer, and store your personal information when you interact with our website. By using our website, you agree to the terms and conditions of this Privacy Policy. Information gathering. We collect personal information that you&hellip;","_links":{"self":[{"href":"https:\/\/www.cistransfers.com\/es\/wp-json\/wp\/v2\/pages\/12208","targetHints":{"allow":["GET"]}}],"collection":[{"href":"https:\/\/www.cistransfers.com\/es\/wp-json\/wp\/v2\/pages"}],"about":[{"href":"https:\/\/www.cistransfers.com\/es\/wp-json\/wp\/v2\/types\/page"}],"author":[{"embeddable":true,"href":"https:\/\/www.cistransfers.com\/es\/wp-json\/wp\/v2\/users\/1"}],"replies":[{"embeddable":true,"href":"https:\/\/www.cistransfers.com\/es\/wp-json\/wp\/v2\/comments?post=12208"}],"version-history":[{"count":4,"href":"https:\/\/www.cistransfers.com\/es\/wp-json\/wp\/v2\/pages\/12208\/revisions"}],"predecessor-version":[{"id":13939,"href":"https:\/\/www.cistransfers.com\/es\/wp-json\/wp\/v2\/pages\/12208\/revisions\/13939"}],"wp:attachment":[{"href":"https:\/\/www.cistransfers.com\/es\/wp-json\/wp\/v2\/media?parent=12208"}],"curies":[{"name":"wp","href":"https:\/\/api.w.org\/{rel}","templated":true}]}}