{"id":128,"date":"2023-04-17T12:15:55","date_gmt":"2023-04-17T17:15:55","guid":{"rendered":"https:\/\/www.cistransfers.com\/about\/"},"modified":"2025-12-17T14:07:01","modified_gmt":"2025-12-17T19:07:01","slug":"about-us","status":"publish","type":"page","link":"https:\/\/www.cistransfers.com\/es\/about-us\/","title":{"rendered":"Nosotros"},"content":{"rendered":"<div data-elementor-type=\"wp-post\" data-elementor-id=\"128\" class=\"elementor elementor-128\">\n\t\t\t\t\t\t<section class=\"elementor-section elementor-top-section elementor-element elementor-element-57c6c72 elementor-section-content-middle elementor-section-boxed elementor-section-height-default elementor-section-height-default\" data-id=\"57c6c72\" data-element_type=\"section\" data-e-type=\"section\" data-settings=\"{&quot;background_background&quot;:&quot;gradient&quot;}\">\n\t\t\t\t\t\t\t<div class=\"elementor-background-overlay\"><\/div>\n\t\t\t\t\t\t\t<div class=\"elementor-container elementor-column-gap-default\">\n\t\t\t\t\t<div class=\"elementor-column elementor-col-100 elementor-top-column elementor-element elementor-element-64dca27\" data-id=\"64dca27\" data-element_type=\"column\" data-e-type=\"column\">\n\t\t\t<div class=\"elementor-widget-wrap elementor-element-populated\">\n\t\t\t\t\t\t<div class=\"elementor-element elementor-element-da2c390 elementor-widget-tablet__width-initial elementor-widget elementor-widget-spacer\" data-id=\"da2c390\" data-element_type=\"widget\" data-e-type=\"widget\" data-widget_type=\"spacer.default\">\n\t\t\t\t<div class=\"elementor-widget-container\">\n\t\t\t\t\t\t\t<div class=\"elementor-spacer\">\n\t\t\t<div class=\"elementor-spacer-inner\"><\/div>\n\t\t<\/div>\n\t\t\t\t\t\t<\/div>\n\t\t\t\t<\/div>\n\t\t\t\t<div class=\"elementor-element elementor-element-b195600 elementor-invisible elementor-widget elementor-widget-heading\" data-id=\"b195600\" data-element_type=\"widget\" data-e-type=\"widget\" data-settings=\"{&quot;_animation&quot;:&quot;fadeInLeft&quot;}\" data-widget_type=\"heading.default\">\n\t\t\t\t<div class=\"elementor-widget-container\">\n\t\t\t\t\t<h1 class=\"elementor-heading-title elementor-size-default\">Nosotros<\/h1>\t\t\t\t<\/div>\n\t\t\t\t<\/div>\n\t\t\t\t\t<\/div>\n\t\t<\/div>\n\t\t\t\t\t<\/div>\n\t\t<\/section>\n\t\t\t\t<section class=\"elementor-section elementor-top-section elementor-element elementor-element-6785f070 elementor-section-content-middle elementor-section-boxed elementor-section-height-default elementor-section-height-default\" data-id=\"6785f070\" data-element_type=\"section\" data-e-type=\"section\" data-settings=\"{&quot;background_background&quot;:&quot;classic&quot;,&quot;animation&quot;:&quot;none&quot;}\">\n\t\t\t\t\t\t\t<div class=\"elementor-background-overlay\"><\/div>\n\t\t\t\t\t\t\t<div class=\"elementor-container elementor-column-gap-no\">\n\t\t\t\t\t<div class=\"elementor-column elementor-col-50 elementor-top-column elementor-element elementor-element-236a079\" data-id=\"236a079\" data-element_type=\"column\" data-e-type=\"column\">\n\t\t\t<div class=\"elementor-widget-wrap elementor-element-populated\">\n\t\t\t\t\t\t<div class=\"elementor-element elementor-element-618cf60d elementor-widget elementor-widget-heading\" data-id=\"618cf60d\" data-element_type=\"widget\" data-e-type=\"widget\" data-widget_type=\"heading.default\">\n\t\t\t\t<div class=\"elementor-widget-container\">\n\t\t\t\t\t<h3 class=\"elementor-heading-title elementor-size-default\">\u00bfQui\u00e9nes somos?<\/h3>\t\t\t\t<\/div>\n\t\t\t\t<\/div>\n\t\t\t\t<div class=\"elementor-element elementor-element-5aabbfce elementor-widget__width-initial elementor-widget-tablet__width-initial elementor-widget-mobile__width-initial elementor-widget elementor-widget-text-editor\" data-id=\"5aabbfce\" data-element_type=\"widget\" data-e-type=\"widget\" data-widget_type=\"text-editor.default\">\n\t\t\t\t<div class=\"elementor-widget-container\">\n\t\t\t\t\t\t\t\t\t<p>Bienvenido a CisTransfers, una empresa moderna e innovadora del sector del transporte tur\u00edstico que ofrece una amplia gama de servicios para hacer de su viaje una experiencia inolvidable.<\/p><p>Creemos que viajar es mucho m\u00e1s que desplazarse de un lugar a otro. Es una oportunidad para descubrir nuevas culturas, disfrutar de paisajes impresionantes, conocer gente nueva y crear recuerdos inolvidables. Por eso nos esforzamos por ofrecer un servicio excepcional que le permita disfrutar plenamente de su viaje, proporcion\u00e1ndole un servicio de alta calidad que busca superar sus expectativas mejorando cada d\u00eda para ofrecer nuevas experiencias a nuestros clientes.<\/p><p>\u00a1\u00danete a nosotros y descubre Canc\u00fan y sus alrededores!<\/p>\t\t\t\t\t\t\t\t<\/div>\n\t\t\t\t<\/div>\n\t\t\t\t\t<\/div>\n\t\t<\/div>\n\t\t\t\t<div class=\"elementor-column elementor-col-50 elementor-top-column elementor-element elementor-element-7d8c663\" data-id=\"7d8c663\" data-element_type=\"column\" data-e-type=\"column\" data-settings=\"{&quot;background_background&quot;:&quot;classic&quot;}\">\n\t\t\t<div class=\"elementor-widget-wrap elementor-element-populated\">\n\t\t\t\t\t<div class=\"elementor-background-overlay\"><\/div>\n\t\t\t\t\t\t<div class=\"elementor-element elementor-element-67bcd5a elementor-widget__width-initial elementor-widget elementor-widget-image\" data-id=\"67bcd5a\" data-element_type=\"widget\" data-e-type=\"widget\" data-widget_type=\"image.default\">\n\t\t\t\t<div class=\"elementor-widget-container\">\n\t\t\t\t\t\t\t\t\t\t\t\t\t\t\t<img fetchpriority=\"high\" decoding=\"async\" width=\"1455\" height=\"1306\" src=\"https:\/\/www.cistransfers.com\/wp-content\/uploads\/2023\/03\/nissan-2023-urvan_11_pasajeros_aa_paq_seg_tm-gris_oxford-gis-exterior_overview_credi_nissan_leasing-d.jpg.ximg_.l_full_h.smart_-e1679976723892.jpg\" class=\"attachment-full size-full wp-image-736\" alt=\"\" srcset=\"https:\/\/www.cistransfers.com\/wp-content\/uploads\/2023\/03\/nissan-2023-urvan_11_pasajeros_aa_paq_seg_tm-gris_oxford-gis-exterior_overview_credi_nissan_leasing-d.jpg.ximg_.l_full_h.smart_-e1679976723892.jpg 1455w, https:\/\/www.cistransfers.com\/wp-content\/uploads\/2023\/03\/nissan-2023-urvan_11_pasajeros_aa_paq_seg_tm-gris_oxford-gis-exterior_overview_credi_nissan_leasing-d.jpg.ximg_.l_full_h.smart_-e1679976723892-600x539.jpg 600w, https:\/\/www.cistransfers.com\/wp-content\/uploads\/2023\/03\/nissan-2023-urvan_11_pasajeros_aa_paq_seg_tm-gris_oxford-gis-exterior_overview_credi_nissan_leasing-d.jpg.ximg_.l_full_h.smart_-e1679976723892-300x269.jpg 300w, https:\/\/www.cistransfers.com\/wp-content\/uploads\/2023\/03\/nissan-2023-urvan_11_pasajeros_aa_paq_seg_tm-gris_oxford-gis-exterior_overview_credi_nissan_leasing-d.jpg.ximg_.l_full_h.smart_-e1679976723892-1024x919.jpg 1024w, https:\/\/www.cistransfers.com\/wp-content\/uploads\/2023\/03\/nissan-2023-urvan_11_pasajeros_aa_paq_seg_tm-gris_oxford-gis-exterior_overview_credi_nissan_leasing-d.jpg.ximg_.l_full_h.smart_-e1679976723892-768x689.jpg 768w, https:\/\/www.cistransfers.com\/wp-content\/uploads\/2023\/03\/nissan-2023-urvan_11_pasajeros_aa_paq_seg_tm-gris_oxford-gis-exterior_overview_credi_nissan_leasing-d.jpg.ximg_.l_full_h.smart_-e1679976723892-341x306.jpg 341w, https:\/\/www.cistransfers.com\/wp-content\/uploads\/2023\/03\/nissan-2023-urvan_11_pasajeros_aa_paq_seg_tm-gris_oxford-gis-exterior_overview_credi_nissan_leasing-d.jpg.ximg_.l_full_h.smart_-e1679976723892-594x533.jpg 594w\" sizes=\"(max-width: 1455px) 100vw, 1455px\" \/>\t\t\t\t\t\t\t\t\t\t\t\t\t\t\t<\/div>\n\t\t\t\t<\/div>\n\t\t\t\t\t<\/div>\n\t\t<\/div>\n\t\t\t\t\t<\/div>\n\t\t<\/section>\n\t\t\t\t<section class=\"elementor-section elementor-top-section elementor-element elementor-element-258f1039 elementor-section-boxed elementor-section-height-default elementor-section-height-default\" data-id=\"258f1039\" data-element_type=\"section\" data-e-type=\"section\" data-settings=\"{&quot;background_background&quot;:&quot;classic&quot;}\">\n\t\t\t\t\t\t\t<div class=\"elementor-background-overlay\"><\/div>\n\t\t\t\t\t\t\t<div class=\"elementor-container elementor-column-gap-no\">\n\t\t\t\t\t<div class=\"elementor-column elementor-col-50 elementor-top-column elementor-element elementor-element-d52030c\" data-id=\"d52030c\" data-element_type=\"column\" data-e-type=\"column\">\n\t\t\t<div class=\"elementor-widget-wrap elementor-element-populated\">\n\t\t\t\t\t\t<div class=\"elementor-element elementor-element-1aa32854 elementor-widget elementor-widget-heading\" data-id=\"1aa32854\" data-element_type=\"widget\" data-e-type=\"widget\" data-widget_type=\"heading.default\">\n\t\t\t\t<div class=\"elementor-widget-container\">\n\t\t\t\t\t<h3 class=\"elementor-heading-title elementor-size-default\">\u00bfQu\u00e9 ofrecemos?<\/h3>\t\t\t\t<\/div>\n\t\t\t\t<\/div>\n\t\t\t\t<div class=\"elementor-element elementor-element-228650a elementor-widget__width-initial elementor-widget-tablet__width-initial elementor-widget-mobile__width-initial elementor-widget elementor-widget-text-editor\" data-id=\"228650a\" data-element_type=\"widget\" data-e-type=\"widget\" data-widget_type=\"text-editor.default\">\n\t\t\t\t<div class=\"elementor-widget-container\">\n\t\t\t\t\t\t\t\t\t<p>En CisTransfers, nos enorgullecemos de ofrecer una amplia variedad de servicios tur\u00edsticos, tales como traslados desde y hacia el Aeropuerto Internacional de Canc\u00fan, traslados a cualquier destino de su elecci\u00f3n dentro de la pen\u00ednsula, tours personalizados de uno o m\u00e1s d\u00edas con conductor y mucho m\u00e1s.<\/p><p>Trabajamos con una amplia red de socios y proveedores de servicios para ofrecerte una gran variedad de opciones y experiencias que se adapten a tus necesidades y presupuesto.<\/p>\t\t\t\t\t\t\t\t<\/div>\n\t\t\t\t<\/div>\n\t\t\t\t\t<\/div>\n\t\t<\/div>\n\t\t\t\t<div class=\"elementor-column elementor-col-50 elementor-top-column elementor-element elementor-element-621c72c3\" data-id=\"621c72c3\" data-element_type=\"column\" data-e-type=\"column\" data-settings=\"{&quot;background_background&quot;:&quot;classic&quot;}\">\n\t\t\t<div class=\"elementor-widget-wrap elementor-element-populated\">\n\t\t\t\t\t\t<div class=\"elementor-element elementor-element-84c31a8 elementor-widget elementor-widget-image\" data-id=\"84c31a8\" data-element_type=\"widget\" data-e-type=\"widget\" data-widget_type=\"image.default\">\n\t\t\t\t<div class=\"elementor-widget-container\">\n\t\t\t\t\t\t\t\t\t\t\t\t\t\t\t<img decoding=\"async\" width=\"1386\" height=\"953\" src=\"https:\/\/www.cistransfers.com\/wp-content\/uploads\/2023\/03\/nissan-2023-urvan_11_pasajeros_aa_paq_seg_tm-gris_oxford-gis-exterior_overview_beauty_family_panel_y_pasajeros-d.jpg.ximg_.l_full_h.smart_.jpg\" class=\"attachment-full size-full wp-image-1539\" alt=\"\" srcset=\"https:\/\/www.cistransfers.com\/wp-content\/uploads\/2023\/03\/nissan-2023-urvan_11_pasajeros_aa_paq_seg_tm-gris_oxford-gis-exterior_overview_beauty_family_panel_y_pasajeros-d.jpg.ximg_.l_full_h.smart_.jpg 1386w, https:\/\/www.cistransfers.com\/wp-content\/uploads\/2023\/03\/nissan-2023-urvan_11_pasajeros_aa_paq_seg_tm-gris_oxford-gis-exterior_overview_beauty_family_panel_y_pasajeros-d.jpg.ximg_.l_full_h.smart_-600x413.jpg 600w, https:\/\/www.cistransfers.com\/wp-content\/uploads\/2023\/03\/nissan-2023-urvan_11_pasajeros_aa_paq_seg_tm-gris_oxford-gis-exterior_overview_beauty_family_panel_y_pasajeros-d.jpg.ximg_.l_full_h.smart_-300x206.jpg 300w, https:\/\/www.cistransfers.com\/wp-content\/uploads\/2023\/03\/nissan-2023-urvan_11_pasajeros_aa_paq_seg_tm-gris_oxford-gis-exterior_overview_beauty_family_panel_y_pasajeros-d.jpg.ximg_.l_full_h.smart_-1024x704.jpg 1024w, https:\/\/www.cistransfers.com\/wp-content\/uploads\/2023\/03\/nissan-2023-urvan_11_pasajeros_aa_paq_seg_tm-gris_oxford-gis-exterior_overview_beauty_family_panel_y_pasajeros-d.jpg.ximg_.l_full_h.smart_-768x528.jpg 768w, https:\/\/www.cistransfers.com\/wp-content\/uploads\/2023\/03\/nissan-2023-urvan_11_pasajeros_aa_paq_seg_tm-gris_oxford-gis-exterior_overview_beauty_family_panel_y_pasajeros-d.jpg.ximg_.l_full_h.smart_-445x306.jpg 445w, https:\/\/www.cistransfers.com\/wp-content\/uploads\/2023\/03\/nissan-2023-urvan_11_pasajeros_aa_paq_seg_tm-gris_oxford-gis-exterior_overview_beauty_family_panel_y_pasajeros-d.jpg.ximg_.l_full_h.smart_-775x533.jpg 775w\" sizes=\"(max-width: 1386px) 100vw, 1386px\" \/>\t\t\t\t\t\t\t\t\t\t\t\t\t\t\t<\/div>\n\t\t\t\t<\/div>\n\t\t\t\t\t<\/div>\n\t\t<\/div>\n\t\t\t\t\t<\/div>\n\t\t<\/section>\n\t\t\t\t<section class=\"elementor-section elementor-top-section elementor-element elementor-element-d6dc93f elementor-section-boxed elementor-section-height-default elementor-section-height-default\" data-id=\"d6dc93f\" data-element_type=\"section\" data-e-type=\"section\" data-settings=\"{&quot;background_background&quot;:&quot;classic&quot;}\">\n\t\t\t\t\t\t<div class=\"elementor-container elementor-column-gap-default\">\n\t\t\t\t\t<div class=\"elementor-column elementor-col-50 elementor-top-column elementor-element elementor-element-b1e8809\" data-id=\"b1e8809\" data-element_type=\"column\" data-e-type=\"column\">\n\t\t\t<div class=\"elementor-widget-wrap elementor-element-populated\">\n\t\t\t\t\t\t<div class=\"elementor-element elementor-element-d4af79a elementor-widget elementor-widget-heading\" data-id=\"d4af79a\" data-element_type=\"widget\" data-e-type=\"widget\" data-widget_type=\"heading.default\">\n\t\t\t\t<div class=\"elementor-widget-container\">\n\t\t\t\t\t<h3 class=\"elementor-heading-title elementor-size-default\">Nuestro equipo<\/h3>\t\t\t\t<\/div>\n\t\t\t\t<\/div>\n\t\t\t\t<div class=\"elementor-element elementor-element-2076a4b elementor-widget__width-initial elementor-widget-tablet__width-initial elementor-widget-mobile__width-initial elementor-widget elementor-widget-text-editor\" data-id=\"2076a4b\" data-element_type=\"widget\" data-e-type=\"widget\" data-widget_type=\"text-editor.default\">\n\t\t\t\t<div class=\"elementor-widget-container\">\n\t\t\t\t\t\t\t\t\t<p>Contamos con una moderna flota de veh\u00edculos compuesta por furgonetas, minivans y coches privados de alta calidad, equipados con comodidades como aire acondicionado, asientos c\u00f3modos y amplio espacio para las piernas. Todo ello complementado con conductores altamente cualificados y experimentados, siempre dispuestos a ayudarle y a hacer que su viaje sea lo m\u00e1s agradable posible.<\/p>\t\t\t\t\t\t\t\t<\/div>\n\t\t\t\t<\/div>\n\t\t\t\t\t<\/div>\n\t\t<\/div>\n\t\t\t\t<div class=\"elementor-column elementor-col-50 elementor-top-column elementor-element elementor-element-7ca39bb\" data-id=\"7ca39bb\" data-element_type=\"column\" data-e-type=\"column\" data-settings=\"{&quot;background_background&quot;:&quot;classic&quot;}\">\n\t\t\t<div class=\"elementor-widget-wrap elementor-element-populated\">\n\t\t\t\t\t\t<div class=\"elementor-element elementor-element-9577104 elementor-widget elementor-widget-image\" data-id=\"9577104\" data-element_type=\"widget\" data-e-type=\"widget\" data-widget_type=\"image.default\">\n\t\t\t\t<div class=\"elementor-widget-container\">\n\t\t\t\t\t\t\t\t\t\t\t\t\t\t\t<img decoding=\"async\" width=\"740\" height=\"462\" src=\"https:\/\/www.cistransfers.com\/wp-content\/uploads\/2023\/03\/5-Nueva-Urvan-1.webp\" class=\"attachment-full size-full wp-image-738\" alt=\"\" srcset=\"https:\/\/www.cistransfers.com\/wp-content\/uploads\/2023\/03\/5-Nueva-Urvan-1.webp 740w, https:\/\/www.cistransfers.com\/wp-content\/uploads\/2023\/03\/5-Nueva-Urvan-1-600x375.webp 600w, https:\/\/www.cistransfers.com\/wp-content\/uploads\/2023\/03\/5-Nueva-Urvan-1-300x187.webp 300w\" sizes=\"(max-width: 740px) 100vw, 740px\" \/>\t\t\t\t\t\t\t\t\t\t\t\t\t\t\t<\/div>\n\t\t\t\t<\/div>\n\t\t\t\t\t<\/div>\n\t\t<\/div>\n\t\t\t\t\t<\/div>\n\t\t<\/section>\n\t\t\t\t<\/div>","protected":false},"excerpt":{"rendered":"<p>about us Who are we? Welcome to CisTransfers, a modern and innovative company in the tourist transport sector offering a wide range of services to make your trip an unforgettable experience. We believe that traveling is more than just going from one place to another. It is an opportunity to discover new cultures, enjoy breathtaking [&hellip;]<\/p>\n","protected":false},"author":1,"featured_media":0,"parent":0,"menu_order":0,"comment_status":"closed","ping_status":"closed","template":"","meta":{"_uag_custom_page_level_css":"","site-sidebar-layout":"default","site-content-layout":"page-builder","ast-site-content-layout":"default","site-content-style":"default","site-sidebar-style":"default","ast-global-header-display":"","ast-banner-title-visibility":"","ast-main-header-display":"","ast-hfb-above-header-display":"","ast-hfb-below-header-display":"","ast-hfb-mobile-header-display":"","site-post-title":"disabled","ast-breadcrumbs-content":"","ast-featured-img":"disabled","footer-sml-layout":"","ast-disable-related-posts":"","theme-transparent-header-meta":"enabled","adv-header-id-meta":"","stick-header-meta":"","header-above-stick-meta":"","header-main-stick-meta":"","header-below-stick-meta":"","astra-migrate-meta-layouts":"default","ast-page-background-enabled":"default","ast-page-background-meta":{"desktop":{"background-color":"","background-image":"","background-repeat":"repeat","background-position":"center center","background-size":"auto","background-attachment":"scroll","background-type":"","background-media":"","overlay-type":"","overlay-color":"","overlay-opacity":"","overlay-gradient":""},"tablet":{"background-color":"","background-image":"","background-repeat":"repeat","background-position":"center center","background-size":"auto","background-attachment":"scroll","background-type":"","background-media":"","overlay-type":"","overlay-color":"","overlay-opacity":"","overlay-gradient":""},"mobile":{"background-color":"","background-image":"","background-repeat":"repeat","background-position":"center center","background-size":"auto","background-attachment":"scroll","background-type":"","background-media":"","overlay-type":"","overlay-color":"","overlay-opacity":"","overlay-gradient":""}},"ast-content-background-meta":{"desktop":{"background-color":"var(--ast-global-color-5)","background-image":"","background-repeat":"repeat","background-position":"center center","background-size":"auto","background-attachment":"scroll","background-type":"","background-media":"","overlay-type":"","overlay-color":"","overlay-opacity":"","overlay-gradient":""},"tablet":{"background-color":"var(--ast-global-color-5)","background-image":"","background-repeat":"repeat","background-position":"center center","background-size":"auto","background-attachment":"scroll","background-type":"","background-media":"","overlay-type":"","overlay-color":"","overlay-opacity":"","overlay-gradient":""},"mobile":{"background-color":"var(--ast-global-color-5)","background-image":"","background-repeat":"repeat","background-position":"center center","background-size":"auto","background-attachment":"scroll","background-type":"","background-media":"","overlay-type":"","overlay-color":"","overlay-opacity":"","overlay-gradient":""}},"_joinchat":[],"footnotes":""},"class_list":["post-128","page","type-page","status-publish","hentry"],"uagb_featured_image_src":{"full":false,"thumbnail":false,"medium":false,"medium_large":false,"large":false,"1536x1536":false,"2048x2048":false,"trp-custom-language-flag":false,"chbs_vehicle":false,"chbs_vehicle_2":false},"uagb_author_info":{"display_name":"Cesar Gomez","author_link":"https:\/\/www.cistransfers.com\/es\/author\/cesar_gomezbahotmail-com\/"},"uagb_comment_info":0,"uagb_excerpt":"about us Who are we? Welcome to CisTransfers, a modern and innovative company in the tourist transport sector offering a wide range of services to make your trip an unforgettable experience. We believe that traveling is more than just going from one place to another. It is an opportunity to discover new cultures, enjoy breathtaking&hellip;","_links":{"self":[{"href":"https:\/\/www.cistransfers.com\/es\/wp-json\/wp\/v2\/pages\/128","targetHints":{"allow":["GET"]}}],"collection":[{"href":"https:\/\/www.cistransfers.com\/es\/wp-json\/wp\/v2\/pages"}],"about":[{"href":"https:\/\/www.cistransfers.com\/es\/wp-json\/wp\/v2\/types\/page"}],"author":[{"embeddable":true,"href":"https:\/\/www.cistransfers.com\/es\/wp-json\/wp\/v2\/users\/1"}],"replies":[{"embeddable":true,"href":"https:\/\/www.cistransfers.com\/es\/wp-json\/wp\/v2\/comments?post=128"}],"version-history":[{"count":7,"href":"https:\/\/www.cistransfers.com\/es\/wp-json\/wp\/v2\/pages\/128\/revisions"}],"predecessor-version":[{"id":13940,"href":"https:\/\/www.cistransfers.com\/es\/wp-json\/wp\/v2\/pages\/128\/revisions\/13940"}],"wp:attachment":[{"href":"https:\/\/www.cistransfers.com\/es\/wp-json\/wp\/v2\/media?parent=128"}],"curies":[{"name":"wp","href":"https:\/\/api.w.org\/{rel}","templated":true}]}}