{"id":12914,"date":"2023-07-25T11:51:52","date_gmt":"2023-07-25T16:51:52","guid":{"rendered":"https:\/\/www.cistransfers.com\/?page_id=12914"},"modified":"2025-12-18T09:23:30","modified_gmt":"2025-12-18T14:23:30","slug":"terms-and-conditions","status":"publish","type":"page","link":"https:\/\/www.cistransfers.com\/es\/terms-and-conditions\/","title":{"rendered":"T\u00e9rminos y condiciones"},"content":{"rendered":"<div data-elementor-type=\"wp-page\" data-elementor-id=\"12914\" class=\"elementor elementor-12914\">\n\t\t\t\t\t\t<section class=\"elementor-section elementor-top-section elementor-element elementor-element-3bbc5d16 elementor-section-content-middle elementor-section-boxed elementor-section-height-default elementor-section-height-default\" data-id=\"3bbc5d16\" data-element_type=\"section\" data-e-type=\"section\" data-settings=\"{&quot;background_background&quot;:&quot;gradient&quot;}\">\n\t\t\t\t\t\t\t<div class=\"elementor-background-overlay\"><\/div>\n\t\t\t\t\t\t\t<div class=\"elementor-container elementor-column-gap-custom\">\n\t\t\t\t\t<div class=\"elementor-column elementor-col-100 elementor-top-column elementor-element elementor-element-49c00fa\" data-id=\"49c00fa\" data-element_type=\"column\" data-e-type=\"column\">\n\t\t\t<div class=\"elementor-widget-wrap elementor-element-populated\">\n\t\t\t\t\t\t<div class=\"elementor-element elementor-element-70ab4d34 elementor-widget elementor-widget-spacer\" data-id=\"70ab4d34\" data-element_type=\"widget\" data-e-type=\"widget\" data-widget_type=\"spacer.default\">\n\t\t\t\t<div class=\"elementor-widget-container\">\n\t\t\t\t\t\t\t<div class=\"elementor-spacer\">\n\t\t\t<div class=\"elementor-spacer-inner\"><\/div>\n\t\t<\/div>\n\t\t\t\t\t\t<\/div>\n\t\t\t\t<\/div>\n\t\t\t\t<div class=\"elementor-element elementor-element-3720e6bc elementor-invisible elementor-widget elementor-widget-heading\" data-id=\"3720e6bc\" data-element_type=\"widget\" data-e-type=\"widget\" data-settings=\"{&quot;_animation&quot;:&quot;fadeInLeft&quot;}\" data-widget_type=\"heading.default\">\n\t\t\t\t<div class=\"elementor-widget-container\">\n\t\t\t\t\t<h1 class=\"elementor-heading-title elementor-size-default\">T\u00e9rminos y condiciones<\/h1>\t\t\t\t<\/div>\n\t\t\t\t<\/div>\n\t\t\t\t\t<\/div>\n\t\t<\/div>\n\t\t\t\t\t<\/div>\n\t\t<\/section>\n\t\t\t\t<section class=\"elementor-section elementor-top-section elementor-element elementor-element-121d6eda elementor-section-boxed elementor-section-height-default elementor-section-height-default\" data-id=\"121d6eda\" data-element_type=\"section\" data-e-type=\"section\">\n\t\t\t\t\t\t\t<div class=\"elementor-background-overlay\"><\/div>\n\t\t\t\t\t\t\t<div class=\"elementor-container elementor-column-gap-default\">\n\t\t\t\t\t<div class=\"elementor-column elementor-col-100 elementor-top-column elementor-element elementor-element-251b7f3f\" data-id=\"251b7f3f\" data-element_type=\"column\" data-e-type=\"column\">\n\t\t\t<div class=\"elementor-widget-wrap elementor-element-populated\">\n\t\t\t\t\t\t<div class=\"elementor-element elementor-element-1a497f37 elementor-widget elementor-widget-text-editor\" data-id=\"1a497f37\" data-element_type=\"widget\" data-e-type=\"widget\" data-widget_type=\"text-editor.default\">\n\t\t\t\t<div class=\"elementor-widget-container\">\n\t\t\t\t\t\t\t\t\t<p>Antes de utilizar nuestros servicios, le pedimos que lea atentamente los siguientes t\u00e9rminos y condiciones que rigen nuestra relaci\u00f3n con usted, el cliente. Al utilizar nuestros servicios, usted acepta y se compromete a cumplir con los siguientes t\u00e9rminos:<\/p><p><b>1. Reservaciones:<\/b><\/p><p style=\"padding-left: 40px;\">1.1. Las reservas y\/o cotizaciones para nuestros servicios de transporte tur\u00edstico se realizan exclusivamente a trav\u00e9s de:<\/p><ul><li style=\"list-style-type: none;\"><ul><li style=\"list-style-type: none;\"><ul><li><span style=\"font-size: 16px;\">Sitio web (www.cistransfers.com)<\/span><\/li><li><span style=\"font-size: 16px;\">WhatsApp (+52 998 111 8927)<\/span><\/li><li>P\u00e1gina oficial de Facebook (www.facebook.com\/CisTransfers).<\/li><\/ul><\/li><\/ul><\/li><\/ul><p style=\"padding-left: 40px;\">1.2. Los precios de nuestros servicios est\u00e1n sujetos a cambios estacionales; sin embargo, a los clientes que hayan realizado una reserva previa se les garantizar\u00e1 el precio acordado en el momento de la reserva.<\/p><p><strong>2. Cambios:<\/strong><\/p><p style=\"padding-left: 40px;\">2.1. Todos los cambios est\u00e1n sujetos a disponibilidad.<\/p><p style=\"padding-left: 40px;\">2.2 Para cambios en la fecha y\/o hora de recogida sin costo alguno, las solicitudes deben realizarse al menos con un d\u00eda (24 horas) de antelaci\u00f3n a la hora de recogida programada. Si no podemos prestar el servicio de acuerdo con el cambio solicitado, el cliente tendr\u00e1 derecho al reembolso \u00edntegro del costo pagado por nuestro servicio \u00fanicamente.<\/p><p style=\"padding-left: 40px;\">2.3. Para cambios en la fecha y\/o hora de recogida solicitados con menos de 1 d\u00eda (24 horas) de antelaci\u00f3n a la hora de recogida programada, se cobrar\u00e1 al cliente una penalizaci\u00f3n del 25 % del costo del servicio. Si no podemos prestar el servicio de acuerdo con el cambio solicitado, el cliente tendr\u00e1 derecho a un reembolso del 50 % del costo pagado por nuestro servicio \u00fanicamente.<\/p><p style=\"padding-left: 40px;\">2.4. Para cambios realizados en el momento del embarque sin notificaci\u00f3n previa, CisTransfers se reserva el derecho de continuar o cancelar el servicio dependiendo de la situaci\u00f3n. Si el servicio contin\u00faa, el cliente deber\u00e1 pagar una multa del 25 % del costo del servicio. Si el servicio no se puede prestar debido a la situaci\u00f3n, se cancelar\u00e1 sin derecho a reembolso.<\/p><p style=\"padding-left: 40px;\">2.5. Para los cambios de ruta solicitados al menos 1 d\u00eda (24 horas) antes de la hora de recogida programada, se aplicar\u00e1 el ajuste correspondiente a la tarifa original, teniendo en cuenta la nueva distancia entre el origen y el destino. Si el servicio no puede prestarse de acuerdo con el cambio solicitado, el cliente tendr\u00e1 derecho al reembolso \u00edntegro del costo original pagado.<\/p><p style=\"padding-left: 40px;\">2.6. Para cambios de ruta solicitados con menos de 1 d\u00eda (24 horas) de antelaci\u00f3n a la hora de recogida programada, se aplicar\u00e1 el ajuste correspondiente a la tarifa original, teniendo en cuenta la nueva distancia entre el origen y el destino + una penalizaci\u00f3n del 25 % sobre el costo actualizado del servicio. Si el servicio no puede prestarse de acuerdo con el cambio solicitado, el cliente tendr\u00e1 derecho a un reembolso del 50 % del costo original pagado.<\/p><p style=\"padding-left: 40px;\">2.7. Si el n\u00famero de pasajeros aumenta y se requiere un segundo veh\u00edculo, el cliente deber\u00e1 realizar una segunda reserva al precio vigente que aparece en el sitio web.<\/p><p><strong>3. Cancelaciones y reembolsos:<\/strong><\/p><p style=\"padding-left: 40px;\">3.1. Las cancelaciones deben solicitarse al menos 1 d\u00eda (24 horas) antes de la hora de recogida programada para poder optar a un reembolso completo.<\/p><p style=\"padding-left: 40px;\">3.2. Si el cliente cancela con menos de 1 d\u00eda (24 horas) de antelaci\u00f3n a la hora de recogida del servicio, se aplicar\u00e1 una penalizaci\u00f3n equivalente al 50 % del costo total del servicio.<\/p><p style=\"padding-left: 40px;\">3.3. CisTransfers se reserva el derecho de cancelar o modificar un servicio de transporte tur\u00edstico debido a condiciones clim\u00e1ticas adversas, situaciones de fuerza mayor o razones de seguridad. En tales casos, se ofrecer\u00e1 un reembolso completo del costo pagado por nuestro servicio \u00fanicamente o una reprogramaci\u00f3n del servicio, seg\u00fan la preferencia del cliente.<\/p><p><strong>4. Responsabilidades del cliente:<\/strong><\/p><p style=\"padding-left: 40px;\">4.1. Proporcione informaci\u00f3n precisa y actualizada al realizar su reserva de transporte, incluyendo: origen, destino, fecha, hora de recogida, n\u00famero de pasajeros, datos de contacto de los pasajeros, n\u00famero de contacto alternativo (acompa\u00f1ante, familiar o amigo), n\u00fameros de vuelo y cualquier requisito especial.<\/p><p style=\"padding-left: 40px;\">4.2. Cont\u00e1ctenos por WhatsApp a su llegada y\/o salida del Aeropuerto Internacional de Canc\u00fan.<\/p><p style=\"padding-left: 40px;\">4.3. Llegue al punto de encuentro designado para el inicio del servicio de transporte. Los retrasos injustificados pueden dar lugar a la p\u00e9rdida del servicio sin derecho a reembolso.<\/p><p style=\"padding-left: 40px;\">4.4. Durante el servicio de transporte, los clientes deber\u00e1n seguir las instrucciones y normas del conductor y respetar las normas locales y nacionales vigentes en los lugares visitados. En caso de da\u00f1os directos o indirectos al conductor y\/o al veh\u00edculo, el incidente se denunciar\u00e1 a las autoridades competentes y se dar\u00e1 por terminado el servicio.<\/p><p><strong>5. Responsabilidades de CisTransfers:<\/strong><\/p><p style=\"padding-left: 40px;\">5.1. Intentar contactar con el cliente a trav\u00e9s de los medios proporcionados por \u00e9l para coordinar su llegada y\/o salida del Aeropuerto Internacional de Canc\u00fan.<\/p><p style=\"padding-left: 40px;\">5.2. Tener un veh\u00edculo disponible a la llegada y\/o salida del pasajero en el Aeropuerto Internacional de Canc\u00fan.<\/p><p style=\"padding-left: 40px;\">5.3. Esperar al cliente durante el tiempo est\u00e1ndar, dependiendo del tipo de servicio contratado:<\/p><ul><li style=\"list-style-type: none;\"><ul><li>Para llegadas internacionales (traslados al aeropuerto), el veh\u00edculo esperar\u00e1 al pasajero durante 1 hora y 30 minutos (90 minutos) desde la hora de aterrizaje del vuelo.<\/li><li>Para llegadas nacionales (traslados al aeropuerto), el veh\u00edculo esperar\u00e1 al pasajero durante 1 hora (60 minutos) a partir de la hora de aterrizaje del vuelo.<\/li><li>Para las salidas (traslados al aeropuerto), el veh\u00edculo esperar\u00e1 al pasajero en el vest\u00edbulo de su hotel o en el punto de encuentro acordado durante 15 minutos.<\/li><\/ul><\/li><\/ul><p style=\"padding-left: 40px;\">5.4. Proporcionar servicios de transporte seguros, c\u00f3modos y profesionales.<\/p><p style=\"padding-left: 40px;\">5.5. Proporcionar informaci\u00f3n clara y precisa sobre los servicios ofrecidos, as\u00ed como sobre los costos que implican y cualquier restricci\u00f3n aplicable.<\/p><p style=\"padding-left: 40px;\">5.6. Nos esforzamos por cumplir con los horarios establecidos, pero no nos hacemos responsables de los retrasos o cambios imprevistos que escapen a nuestro control.<\/p><p style=\"padding-left: 40px;\">5.7. Si el cliente no responde a los intentos de contacto y no se presenta en el punto de encuentro durante el tiempo de espera establecido, se considerar\u00e1 que el pasajero no se ha presentado y no tendr\u00e1 derecho a ning\u00fan reembolso.<\/p><p><strong>6. Seguro y responsabilidad civil:<\/strong><\/p><p style=\"padding-left: 40px;\">6.1. CisTransfers cuenta con los seguros y permisos necesarios para operar sus servicios de transporte tur\u00edstico.<\/p><p style=\"padding-left: 40px;\">6.2. CisTransfers no se hace responsable de ninguna p\u00e9rdida, da\u00f1o, lesi\u00f3n, accidente o gasto en que incurra el cliente durante el servicio, salvo que sea directamente atribuible a una negligencia grave por parte de la empresa.<\/p><p style=\"padding-left: 40px;\">6.3. Los clientes deben asegurarse de contar con su propio seguro de viaje y salud para cubrir cualquier eventualidad que pueda ocurrir durante el servicio.<\/p><p><strong>7. Cambios en los T\u00e9rminos y Condiciones:<\/strong><\/p><p>CisTransfers se reserva el derecho de modificar estos t\u00e9rminos y condiciones en cualquier momento. Cualquier cambio se publicar\u00e1 en nuestro sitio web y entrar\u00e1 en vigor a partir de la fecha de publicaci\u00f3n.<\/p><p>Al utilizar nuestros servicios de transporte tur\u00edstico, usted acepta quedar vinculado por estos t\u00e9rminos y condiciones. Si tiene alguna pregunta o duda sobre estos t\u00e9rminos, p\u00f3ngase en contacto con nosotros antes de realizar la reserva.<\/p><p>\u00a1Gracias por elegir CisTransfers para sus necesidades de transporte!<\/p><p>\u00daltima actualizaci\u00f3n: 23 de enero de 2024<\/p>\t\t\t\t\t\t\t\t<\/div>\n\t\t\t\t<\/div>\n\t\t\t\t\t<\/div>\n\t\t<\/div>\n\t\t\t\t\t<\/div>\n\t\t<\/section>\n\t\t\t\t<\/div>","protected":false},"excerpt":{"rendered":"<p>Terms and conditions Before using our services, we ask that you carefully read the following terms and conditions that govern our relationship with you, the customer. By using our services, you agree to and commit to comply with the following terms: 1. Reservations: 1.1. Reservations and\/or quotes for our tourist transportation services are made exclusively [&hellip;]<\/p>\n","protected":false},"author":1,"featured_media":0,"parent":0,"menu_order":0,"comment_status":"closed","ping_status":"closed","template":"","meta":{"_uag_custom_page_level_css":"","site-sidebar-layout":"no-sidebar","site-content-layout":"page-builder","ast-site-content-layout":"default","site-content-style":"default","site-sidebar-style":"default","ast-global-header-display":"","ast-banner-title-visibility":"","ast-main-header-display":"","ast-hfb-above-header-display":"","ast-hfb-below-header-display":"","ast-hfb-mobile-header-display":"","site-post-title":"disabled","ast-breadcrumbs-content":"","ast-featured-img":"disabled","footer-sml-layout":"","ast-disable-related-posts":"","theme-transparent-header-meta":"","adv-header-id-meta":"","stick-header-meta":"","header-above-stick-meta":"","header-main-stick-meta":"","header-below-stick-meta":"","astra-migrate-meta-layouts":"default","ast-page-background-enabled":"default","ast-page-background-meta":{"desktop":{"background-color":"","background-image":"","background-repeat":"repeat","background-position":"center center","background-size":"auto","background-attachment":"scroll","background-type":"","background-media":"","overlay-type":"","overlay-color":"","overlay-opacity":"","overlay-gradient":""},"tablet":{"background-color":"","background-image":"","background-repeat":"repeat","background-position":"center center","background-size":"auto","background-attachment":"scroll","background-type":"","background-media":"","overlay-type":"","overlay-color":"","overlay-opacity":"","overlay-gradient":""},"mobile":{"background-color":"","background-image":"","background-repeat":"repeat","background-position":"center center","background-size":"auto","background-attachment":"scroll","background-type":"","background-media":"","overlay-type":"","overlay-color":"","overlay-opacity":"","overlay-gradient":""}},"ast-content-background-meta":{"desktop":{"background-color":"var(--ast-global-color-5)","background-image":"","background-repeat":"repeat","background-position":"center center","background-size":"auto","background-attachment":"scroll","background-type":"","background-media":"","overlay-type":"","overlay-color":"","overlay-opacity":"","overlay-gradient":""},"tablet":{"background-color":"var(--ast-global-color-5)","background-image":"","background-repeat":"repeat","background-position":"center center","background-size":"auto","background-attachment":"scroll","background-type":"","background-media":"","overlay-type":"","overlay-color":"","overlay-opacity":"","overlay-gradient":""},"mobile":{"background-color":"var(--ast-global-color-5)","background-image":"","background-repeat":"repeat","background-position":"center center","background-size":"auto","background-attachment":"scroll","background-type":"","background-media":"","overlay-type":"","overlay-color":"","overlay-opacity":"","overlay-gradient":""}},"_joinchat":[],"footnotes":""},"class_list":["post-12914","page","type-page","status-publish","hentry"],"uagb_featured_image_src":{"full":false,"thumbnail":false,"medium":false,"medium_large":false,"large":false,"1536x1536":false,"2048x2048":false,"trp-custom-language-flag":false,"chbs_vehicle":false,"chbs_vehicle_2":false},"uagb_author_info":{"display_name":"Cesar Gomez","author_link":"https:\/\/www.cistransfers.com\/es\/author\/cesar_gomezbahotmail-com\/"},"uagb_comment_info":0,"uagb_excerpt":"Terms and conditions Before using our services, we ask that you carefully read the following terms and conditions that govern our relationship with you, the customer. By using our services, you agree to and commit to comply with the following terms: 1. Reservations: 1.1. Reservations and\/or quotes for our tourist transportation services are made exclusively&hellip;","_links":{"self":[{"href":"https:\/\/www.cistransfers.com\/es\/wp-json\/wp\/v2\/pages\/12914","targetHints":{"allow":["GET"]}}],"collection":[{"href":"https:\/\/www.cistransfers.com\/es\/wp-json\/wp\/v2\/pages"}],"about":[{"href":"https:\/\/www.cistransfers.com\/es\/wp-json\/wp\/v2\/types\/page"}],"author":[{"embeddable":true,"href":"https:\/\/www.cistransfers.com\/es\/wp-json\/wp\/v2\/users\/1"}],"replies":[{"embeddable":true,"href":"https:\/\/www.cistransfers.com\/es\/wp-json\/wp\/v2\/comments?post=12914"}],"version-history":[{"count":10,"href":"https:\/\/www.cistransfers.com\/es\/wp-json\/wp\/v2\/pages\/12914\/revisions"}],"predecessor-version":[{"id":13986,"href":"https:\/\/www.cistransfers.com\/es\/wp-json\/wp\/v2\/pages\/12914\/revisions\/13986"}],"wp:attachment":[{"href":"https:\/\/www.cistransfers.com\/es\/wp-json\/wp\/v2\/media?parent=12914"}],"curies":[{"name":"wp","href":"https:\/\/api.w.org\/{rel}","templated":true}]}}